{"id":1027,"date":"2025-11-24T03:12:31","date_gmt":"2025-11-24T03:12:31","guid":{"rendered":"https:\/\/clubvivremieux.com\/?page_id=1027"},"modified":"2025-11-24T03:12:32","modified_gmt":"2025-11-24T03:12:32","slug":"le-futur-du-mode-de-vie-tendances-et-innovations-a-suivre","status":"publish","type":"page","link":"https:\/\/clubvivremieux.com\/index.php\/le-futur-du-mode-de-vie-tendances-et-innovations-a-suivre\/","title":{"rendered":"Le futur du mode de vie : tendances et innovations \u00e0 suivre"},"content":{"rendered":"\n<p>Le monde change vite, et notre quotidien aussi. Gr\u00e2ce \u00e0 la <strong>technologie, \u00e0 la durabilit\u00e9 et aux nouvelles habitudes<\/strong>, il est possible de <strong>vivre mieux dans les ann\u00e9es \u00e0 venir<\/strong>. D\u00e9couvrez les <strong>grandes tendances qui vont transformer votre vie<\/strong>.<\/p>\n\n\n\n<hr class=\"wp-block-separator has-alpha-channel-opacity\"\/>\n\n\n\n<h2 class=\"wp-block-heading\">H2 : La maison intelligente et connect\u00e9e<\/h2>\n\n\n\n<p>Les <strong>maisons du futur<\/strong> rendent la vie plus <strong>simple et confortable<\/strong> :<\/p>\n\n\n\n<ul class=\"wp-block-list\">\n<li><strong>Objets connect\u00e9s<\/strong> pour g\u00e9rer \u00e9clairage, chauffage et s\u00e9curit\u00e9<\/li>\n\n\n\n<li><strong>Assistants vocaux et intelligence artificielle<\/strong> pour automatiser les t\u00e2ches quotidiennes<\/li>\n\n\n\n<li><strong>\u00c9quipements favorisant le bien-\u00eatre et l\u2019efficacit\u00e9 \u00e9nerg\u00e9tique<\/strong><\/li>\n<\/ul>\n\n\n\n<blockquote class=\"wp-block-quote is-layout-flow wp-block-quote-is-layout-flow\">\n<p><strong>SEO : maison intelligente, objets connect\u00e9s, confort moderne<\/strong><\/p>\n<\/blockquote>\n\n\n\n<hr class=\"wp-block-separator has-alpha-channel-opacity\"\/>\n\n\n\n<h2 class=\"wp-block-heading\">H2 : Mobilit\u00e9 durable et transports innovants<\/h2>\n\n\n\n<p>Se d\u00e9placer devient <strong>plus \u00e9cologique et pratique<\/strong> :<\/p>\n\n\n\n<ul class=\"wp-block-list\">\n<li><strong>V\u00e9hicules \u00e9lectriques et hybrides<\/strong><\/li>\n\n\n\n<li><strong>Transports partag\u00e9s et micro-mobilit\u00e9<\/strong> (trottinettes, v\u00e9los \u00e9lectriques)<\/li>\n\n\n\n<li><strong>Villes intelligentes<\/strong> avec syst\u00e8mes de transport optimis\u00e9s<\/li>\n<\/ul>\n\n\n\n<blockquote class=\"wp-block-quote is-layout-flow wp-block-quote-is-layout-flow\">\n<p><strong>SEO : mobilit\u00e9 durable, transports innovants, smart city<\/strong><\/p>\n<\/blockquote>\n\n\n\n<hr class=\"wp-block-separator has-alpha-channel-opacity\"\/>\n\n\n\n<h2 class=\"wp-block-heading\">H2 : Sant\u00e9 connect\u00e9e et bien-\u00eatre high-tech<\/h2>\n\n\n\n<p>La technologie aide \u00e0 <strong>mieux g\u00e9rer sa sant\u00e9 et son bien-\u00eatre<\/strong> :<\/p>\n\n\n\n<ul class=\"wp-block-list\">\n<li><strong>Applications et objets de suivi sant\u00e9<\/strong> (sommeil, activit\u00e9, nutrition)<\/li>\n\n\n\n<li><strong>M\u00e9decine pr\u00e9dictive et t\u00e9l\u00e9consultations<\/strong><\/li>\n\n\n\n<li><strong>Fitness digitalis\u00e9<\/strong> pour rester actif \u00e0 la maison<\/li>\n<\/ul>\n\n\n\n<blockquote class=\"wp-block-quote is-layout-flow wp-block-quote-is-layout-flow\">\n<p><strong>SEO : sant\u00e9 connect\u00e9e, bien-\u00eatre digital, fitness num\u00e9rique<\/strong><\/p>\n<\/blockquote>\n\n\n\n<hr class=\"wp-block-separator has-alpha-channel-opacity\"\/>\n\n\n\n<h2 class=\"wp-block-heading\">H2 : Alimentation et consommation du futur<\/h2>\n\n\n\n<p>Nos habitudes alimentaires \u00e9voluent vers <strong>plus de durabilit\u00e9 et de personnalisation<\/strong> :<\/p>\n\n\n\n<ul class=\"wp-block-list\">\n<li><strong>Alimentation locale et durable<\/strong><\/li>\n\n\n\n<li><strong>Apps et services pour r\u00e9duire le gaspillage<\/strong><\/li>\n\n\n\n<li><strong>Alimentation personnalis\u00e9e gr\u00e2ce aux donn\u00e9es et \u00e0 l\u2019IA<\/strong><\/li>\n<\/ul>\n\n\n\n<blockquote class=\"wp-block-quote is-layout-flow wp-block-quote-is-layout-flow\">\n<p><strong>SEO : alimentation durable, consommation responsable, innovations alimentaires<\/strong><\/p>\n<\/blockquote>\n\n\n\n<hr class=\"wp-block-separator has-alpha-channel-opacity\"\/>\n\n\n\n<h2 class=\"wp-block-heading\">H2 : Travail et apprentissage dans le monde moderne<\/h2>\n\n\n\n<p>Le futur du travail est <strong>flexible et digital<\/strong> :<\/p>\n\n\n\n<ul class=\"wp-block-list\">\n<li><strong>T\u00e9l\u00e9travail et espaces hybrides<\/strong><\/li>\n\n\n\n<li><strong>Formations en ligne et apprentissage continu<\/strong><\/li>\n\n\n\n<li><strong>Outils collaboratifs pour une productivit\u00e9 optimale<\/strong><\/li>\n<\/ul>\n\n\n\n<blockquote class=\"wp-block-quote is-layout-flow wp-block-quote-is-layout-flow\">\n<p><strong>SEO : t\u00e9l\u00e9travail, apprentissage en ligne, futur du travail<\/strong><\/p>\n<\/blockquote>\n\n\n\n<hr class=\"wp-block-separator has-alpha-channel-opacity\"\/>\n\n\n\n<h2 class=\"wp-block-heading\">H2 : Conclusion<\/h2>\n\n\n\n<p>Le futur du mode de vie repose sur <strong>la technologie, la durabilit\u00e9 et le bien-\u00eatre<\/strong>. En suivant ces <strong>tendances et innovations<\/strong>, chacun peut <strong>adapter son quotidien et vivre mieux<\/strong> dans un monde en constante \u00e9volution.<\/p>\n\n\n\n<p><strong>Call-to-Action :<\/strong><br>Quelles innovations avez-vous d\u00e9j\u00e0 int\u00e9gr\u00e9es \u00e0 votre quotidien ? Partagez vos exp\u00e9riences et vos id\u00e9es dans les commentaires et inspirez la communaut\u00e9 <strong>Vivre Mieux<\/strong> !<\/p>\n\n\n\n<ul class=\"wp-block-list\">\n<li><strong><em><a href=\"https:\/\/guidosaverio.com\/\">Guido SAVERIO<\/a><\/em><\/strong><\/li>\n\n\n\n<li><strong><a href=\"https:\/\/guidosaverio.com\/qui-suis-je\/\">Qui suis-je<\/a><\/strong><\/li>\n<\/ul>\n","protected":false},"excerpt":{"rendered":"<p>Le monde change vite, et notre quotidien aussi. Gr\u00e2ce \u00e0 la technologie, \u00e0 la durabilit\u00e9 et aux nouvelles habitudes, il est possible de vivre mieux dans les ann\u00e9es \u00e0 venir. D\u00e9couvrez les grandes tendances qui vont transformer votre vie. H2&#8230; <a href=\"https:\/\/clubvivremieux.com\/index.php\/le-futur-du-mode-de-vie-tendances-et-innovations-a-suivre\/\" class=\"readmore\">Read more<span class=\"screen-reader-text\">Le futur du mode de vie : tendances et innovations \u00e0 suivre<\/span><span class=\"fa fa-angle-double-right\" aria-hidden=\"true\"><\/span><\/a><\/p>\n","protected":false},"author":1,"featured_media":0,"parent":0,"menu_order":0,"comment_status":"closed","ping_status":"closed","template":"","meta":{"footnotes":""},"class_list":["post-1027","page","type-page","status-publish","hentry"],"_links":{"self":[{"href":"https:\/\/clubvivremieux.com\/index.php\/wp-json\/wp\/v2\/pages\/1027","targetHints":{"allow":["GET"]}}],"collection":[{"href":"https:\/\/clubvivremieux.com\/index.php\/wp-json\/wp\/v2\/pages"}],"about":[{"href":"https:\/\/clubvivremieux.com\/index.php\/wp-json\/wp\/v2\/types\/page"}],"author":[{"embeddable":true,"href":"https:\/\/clubvivremieux.com\/index.php\/wp-json\/wp\/v2\/users\/1"}],"replies":[{"embeddable":true,"href":"https:\/\/clubvivremieux.com\/index.php\/wp-json\/wp\/v2\/comments?post=1027"}],"version-history":[{"count":1,"href":"https:\/\/clubvivremieux.com\/index.php\/wp-json\/wp\/v2\/pages\/1027\/revisions"}],"predecessor-version":[{"id":1028,"href":"https:\/\/clubvivremieux.com\/index.php\/wp-json\/wp\/v2\/pages\/1027\/revisions\/1028"}],"wp:attachment":[{"href":"https:\/\/clubvivremieux.com\/index.php\/wp-json\/wp\/v2\/media?parent=1027"}],"curies":[{"name":"wp","href":"https:\/\/api.w.org\/{rel}","templated":true}]}}