{"id":1023,"date":"2025-11-24T03:05:54","date_gmt":"2025-11-24T03:05:54","guid":{"rendered":"https:\/\/clubvivremieux.com\/?page_id=1023"},"modified":"2025-11-24T03:05:54","modified_gmt":"2025-11-24T03:05:54","slug":"apps-et-routines-pour-mieux-vivre-notre-selection-incontournable","status":"publish","type":"page","link":"https:\/\/clubvivremieux.com\/index.php\/apps-et-routines-pour-mieux-vivre-notre-selection-incontournable\/","title":{"rendered":"Apps et routines pour mieux vivre : notre s\u00e9lection incontournable"},"content":{"rendered":"\n<p>Dans notre <strong>monde connect\u00e9<\/strong>, les applications et routines digitales intelligentes peuvent \u00eatre de v\u00e9ritables alli\u00e9es pour am\u00e9liorer votre <strong>bien-\u00eatre, votre sommeil et votre productivit\u00e9<\/strong>. D\u00e9couvrez notre s\u00e9lection des <strong>meilleures apps et habitudes quotidiennes<\/strong> pour <strong>vivre mieux<\/strong> d\u00e8s aujourd\u2019hui.<\/p>\n\n\n\n<hr class=\"wp-block-separator has-alpha-channel-opacity\"\/>\n\n\n\n<h2 class=\"wp-block-heading\">Suivre et am\u00e9liorer son sommeil \ud83d\udca4<\/h2>\n\n\n\n<p>Le sommeil est la base d\u2019une vie saine et \u00e9quilibr\u00e9e.<\/p>\n\n\n\n<p><strong>Apps recommand\u00e9es :<\/strong><\/p>\n\n\n\n<ul class=\"wp-block-list\">\n<li><em>Sleep Cycle<\/em> : suivi des cycles de sommeil<\/li>\n\n\n\n<li><em>Calm<\/em> : sons apaisants et m\u00e9ditations pour le sommeil<\/li>\n\n\n\n<li><em>Pillow<\/em> : analyse d\u00e9taill\u00e9e et conseils personnalis\u00e9s<\/li>\n<\/ul>\n\n\n\n<p><strong>Routine conseill\u00e9e :<\/strong><\/p>\n\n\n\n<ul class=\"wp-block-list\">\n<li>Se coucher et se lever \u00e0 heures fixes<\/li>\n\n\n\n<li>\u00c9teindre les \u00e9crans 1h avant le coucher<\/li>\n<\/ul>\n\n\n\n<p><strong>Astuce :<\/strong> Combiner suivi digital et rituels relaxants pour un sommeil r\u00e9parateur.<\/p>\n\n\n\n<hr class=\"wp-block-separator has-alpha-channel-opacity\"\/>\n\n\n\n<h2 class=\"wp-block-heading\">M\u00e9ditation et gestion du stress \ud83e\uddd8\u200d\u2640\ufe0f<\/h2>\n\n\n\n<p>R\u00e9duisez votre stress et am\u00e9liorez votre concentration gr\u00e2ce \u00e0 la m\u00e9ditation.<\/p>\n\n\n\n<p><strong>Apps recommand\u00e9es :<\/strong><\/p>\n\n\n\n<ul class=\"wp-block-list\">\n<li><em>Headspace<\/em> : m\u00e9ditations guid\u00e9es pour d\u00e9butants et avanc\u00e9s<\/li>\n\n\n\n<li><em>Insight Timer<\/em> : large biblioth\u00e8que de m\u00e9ditations gratuites<\/li>\n\n\n\n<li><em>Petit Bambou<\/em> : m\u00e9ditation quotidienne adapt\u00e9e au rythme fran\u00e7ais<\/li>\n<\/ul>\n\n\n\n<p><strong>Routine conseill\u00e9e :<\/strong><\/p>\n\n\n\n<ul class=\"wp-block-list\">\n<li>10 minutes de m\u00e9ditation chaque matin ou soir<\/li>\n\n\n\n<li>Ajouter exercices de respiration consciente pour renforcer l\u2019effet<\/li>\n<\/ul>\n\n\n\n<hr class=\"wp-block-separator has-alpha-channel-opacity\"\/>\n\n\n\n<h2 class=\"wp-block-heading\">Bouger et rester actif \ud83d\udcaa<\/h2>\n\n\n\n<p>M\u00eame avec un emploi du temps charg\u00e9, rester actif est vital pour l\u2019\u00e9nergie et la sant\u00e9.<\/p>\n\n\n\n<p><strong>Apps recommand\u00e9es :<\/strong><\/p>\n\n\n\n<ul class=\"wp-block-list\">\n<li><em>Nike Training Club<\/em> : entra\u00eenements guid\u00e9s pour tous niveaux<\/li>\n\n\n\n<li><em>Seven<\/em> : s\u00e9ances rapides de 7 minutes pour d\u00e9butants et press\u00e9s<\/li>\n\n\n\n<li><em>FitOn<\/em> : vid\u00e9os sportives vari\u00e9es \u00e0 suivre depuis la maison<\/li>\n<\/ul>\n\n\n\n<p><strong>Routine conseill\u00e9e :<\/strong><\/p>\n\n\n\n<ul class=\"wp-block-list\">\n<li>15 \u00e0 30 minutes de sport par jour<\/li>\n\n\n\n<li>Varier les exercices pour stimuler tout le corps<\/li>\n<\/ul>\n\n\n\n<hr class=\"wp-block-separator has-alpha-channel-opacity\"\/>\n\n\n\n<h2 class=\"wp-block-heading\">Productivit\u00e9 et organisation quotidienne \ud83d\uddc2\ufe0f<\/h2>\n\n\n\n<p>G\u00e9rez votre temps efficacement et r\u00e9duisez le stress gr\u00e2ce aux bonnes apps.<\/p>\n\n\n\n<p><strong>Apps recommand\u00e9es :<\/strong><\/p>\n\n\n\n<ul class=\"wp-block-list\">\n<li><em>Todoist<\/em> : planification des t\u00e2ches et rappels<\/li>\n\n\n\n<li><em>Notion<\/em> : organisation compl\u00e8te de projets et notes<\/li>\n\n\n\n<li><em>Trello<\/em> : gestion de projets visuels avec tableaux et cartes<\/li>\n<\/ul>\n\n\n\n<p><strong>Routine conseill\u00e9e :<\/strong><\/p>\n\n\n\n<ul class=\"wp-block-list\">\n<li>Planifier les t\u00e2ches importantes chaque matin<\/li>\n\n\n\n<li>Faire des micro-pauses pour rester concentr\u00e9<\/li>\n<\/ul>\n\n\n\n<hr class=\"wp-block-separator has-alpha-channel-opacity\"\/>\n\n\n\n<h2 class=\"wp-block-heading\">Nutrition et habitudes saines \ud83e\udd57<\/h2>\n\n\n\n<p>Suivre son alimentation et ses habitudes quotidiennes devient simple avec ces apps.<\/p>\n\n\n\n<p><strong>Apps recommand\u00e9es :<\/strong><\/p>\n\n\n\n<ul class=\"wp-block-list\">\n<li><em>Yazio<\/em> : suivi nutritionnel et calcul des calories<\/li>\n\n\n\n<li><em>Lifesum<\/em> : plans alimentaires personnalis\u00e9s<\/li>\n\n\n\n<li><em>MyFitnessPal<\/em> : suivi des repas, hydratation et activit\u00e9s physiques<\/li>\n<\/ul>\n\n\n\n<p><strong>Routine conseill\u00e9e :<\/strong><\/p>\n\n\n\n<ul class=\"wp-block-list\">\n<li>Planifier vos repas et suivre vos portions<\/li>\n\n\n\n<li>Combiner nutrition et activit\u00e9 physique pour des r\u00e9sultats durables<\/li>\n<\/ul>\n\n\n\n<hr class=\"wp-block-separator has-alpha-channel-opacity\"\/>\n\n\n\n<h3 class=\"wp-block-heading\">\u2705 Conclusion<\/h3>\n\n\n\n<p>Les <strong>apps et routines modernes<\/strong> sont de puissants outils pour am\u00e9liorer votre <strong>bien-\u00eatre, votre sommeil, votre gestion du stress et votre productivit\u00e9<\/strong>. Avec un usage r\u00e9gulier et intentionnel, elles permettent de <strong>vraiment vivre mieux chaque jour<\/strong>.<\/p>\n\n\n\n<p><strong>Call-to-Action :<\/strong><br>T\u00e9l\u00e9chargez d\u00e8s aujourd\u2019hui <strong>une app de votre choix<\/strong> et int\u00e9grez-la \u00e0 votre routine quotidienne. Partagez vos exp\u00e9riences dans les commentaires pour inspirer la communaut\u00e9 <strong>\u201cVivre Mieux\u201d<\/strong> !<\/p>\n\n\n\n<ul class=\"wp-block-list\">\n<li><strong><em><a href=\"https:\/\/guidosaverio.com\/\">Guido SAVERIO<\/a><\/em><\/strong><\/li>\n\n\n\n<li><strong><a href=\"https:\/\/guidosaverio.com\/qui-suis-je\/\">Qui suis-je<\/a><\/strong><\/li>\n<\/ul>\n","protected":false},"excerpt":{"rendered":"<p>Dans notre monde connect\u00e9, les applications et routines digitales intelligentes peuvent \u00eatre de v\u00e9ritables alli\u00e9es pour am\u00e9liorer votre bien-\u00eatre, votre sommeil et votre productivit\u00e9. D\u00e9couvrez notre s\u00e9lection des meilleures apps et habitudes quotidiennes pour vivre mieux d\u00e8s aujourd\u2019hui. Suivre et&#8230; <a href=\"https:\/\/clubvivremieux.com\/index.php\/apps-et-routines-pour-mieux-vivre-notre-selection-incontournable\/\" class=\"readmore\">Read more<span class=\"screen-reader-text\">Apps et routines pour mieux vivre : notre s\u00e9lection incontournable<\/span><span class=\"fa fa-angle-double-right\" aria-hidden=\"true\"><\/span><\/a><\/p>\n","protected":false},"author":1,"featured_media":0,"parent":0,"menu_order":0,"comment_status":"closed","ping_status":"closed","template":"","meta":{"footnotes":""},"class_list":["post-1023","page","type-page","status-publish","hentry"],"_links":{"self":[{"href":"https:\/\/clubvivremieux.com\/index.php\/wp-json\/wp\/v2\/pages\/1023","targetHints":{"allow":["GET"]}}],"collection":[{"href":"https:\/\/clubvivremieux.com\/index.php\/wp-json\/wp\/v2\/pages"}],"about":[{"href":"https:\/\/clubvivremieux.com\/index.php\/wp-json\/wp\/v2\/types\/page"}],"author":[{"embeddable":true,"href":"https:\/\/clubvivremieux.com\/index.php\/wp-json\/wp\/v2\/users\/1"}],"replies":[{"embeddable":true,"href":"https:\/\/clubvivremieux.com\/index.php\/wp-json\/wp\/v2\/comments?post=1023"}],"version-history":[{"count":1,"href":"https:\/\/clubvivremieux.com\/index.php\/wp-json\/wp\/v2\/pages\/1023\/revisions"}],"predecessor-version":[{"id":1024,"href":"https:\/\/clubvivremieux.com\/index.php\/wp-json\/wp\/v2\/pages\/1023\/revisions\/1024"}],"wp:attachment":[{"href":"https:\/\/clubvivremieux.com\/index.php\/wp-json\/wp\/v2\/media?parent=1023"}],"curies":[{"name":"wp","href":"https:\/\/api.w.org\/{rel}","templated":true}]}}