{"id":1005,"date":"2025-11-24T02:46:40","date_gmt":"2025-11-24T02:46:40","guid":{"rendered":"https:\/\/clubvivremieux.com\/?page_id=1005"},"modified":"2025-11-24T02:46:40","modified_gmt":"2025-11-24T02:46:40","slug":"fitness-urbain-bouger-mieux-sans-perdre-de-temps","status":"publish","type":"page","link":"https:\/\/clubvivremieux.com\/index.php\/fitness-urbain-bouger-mieux-sans-perdre-de-temps\/","title":{"rendered":"Fitness urbain : bouger mieux sans perdre de temps"},"content":{"rendered":"\n<p>Dans nos vies modernes, entre <strong>travail, trajets et obligations<\/strong>, il est souvent difficile de trouver du temps pour le sport. Le <strong>fitness urbain<\/strong> propose des solutions efficaces pour <strong>bouger, se tonifier et rester en forme<\/strong> sans passer des heures \u00e0 la salle. Que vous soyez \u00e0 la maison, au bureau ou en ville, ces m\u00e9thodes s\u2019adaptent \u00e0 votre quotidien.<\/p>\n\n\n\n<hr class=\"wp-block-separator has-alpha-channel-opacity\"\/>\n\n\n\n<h2 class=\"wp-block-heading\">Pourquoi le fitness urbain est id\u00e9al pour les citadins<\/h2>\n\n\n\n<p>Le fitness urbain combine :<\/p>\n\n\n\n<ul class=\"wp-block-list\">\n<li><strong>Efficacit\u00e9<\/strong> : s\u00e9ances courtes mais intenses<\/li>\n\n\n\n<li><strong>Flexibilit\u00e9<\/strong> : exercices r\u00e9alisables partout, sans mat\u00e9riel<\/li>\n\n\n\n<li><strong>Accessibilit\u00e9<\/strong> : possibilit\u00e9 de s\u2019entra\u00eener \u00e0 la maison, au bureau ou en ext\u00e9rieur<\/li>\n<\/ul>\n\n\n\n<blockquote class=\"wp-block-quote is-layout-flow wp-block-quote-is-layout-flow\">\n<p><strong>SEO : fitness urbain, sport en ville, entra\u00eenement rapide, bien-\u00eatre citadin<\/strong><\/p>\n<\/blockquote>\n\n\n\n<hr class=\"wp-block-separator has-alpha-channel-opacity\"\/>\n\n\n\n<h2 class=\"wp-block-heading\">Exercices simples \u00e0 faire \u00e0 la maison ou au bureau<\/h2>\n\n\n\n<p>M\u00eame avec peu d\u2019espace, vous pouvez rester actif :<\/p>\n\n\n\n<ul class=\"wp-block-list\">\n<li><strong>Squats et fentes<\/strong> : tonifient jambes et fessiers<\/li>\n\n\n\n<li><strong>Pompes et planches<\/strong> : renforcent le haut du corps et le tronc<\/li>\n\n\n\n<li><strong>\u00c9tirements dynamiques<\/strong> : am\u00e9liorent souplesse et mobilit\u00e9<\/li>\n<\/ul>\n\n\n\n<blockquote class=\"wp-block-quote is-layout-flow wp-block-quote-is-layout-flow\">\n<p><strong>Astuce :<\/strong> 15 \u00e0 20 minutes par jour suffisent pour ressentir les premiers r\u00e9sultats.<\/p>\n<\/blockquote>\n\n\n\n<hr class=\"wp-block-separator has-alpha-channel-opacity\"\/>\n\n\n\n<h2 class=\"wp-block-heading\">Utiliser la ville comme salle de sport<\/h2>\n\n\n\n<p>Int\u00e9grez le sport \u00e0 votre quotidien :<\/p>\n\n\n\n<ul class=\"wp-block-list\">\n<li>Monter les escaliers plut\u00f4t que prendre l\u2019ascenseur<\/li>\n\n\n\n<li>Marcher ou p\u00e9daler pour vos trajets<\/li>\n\n\n\n<li>Courtes sessions de sprints ou pliom\u00e9trie dans un parc<\/li>\n<\/ul>\n\n\n\n<hr class=\"wp-block-separator has-alpha-channel-opacity\"\/>\n\n\n\n<h2 class=\"wp-block-heading\">Applications et programmes modernes pour rester motiv\u00e9<\/h2>\n\n\n\n<p>La technologie peut booster votre fitness urbain :<\/p>\n\n\n\n<ul class=\"wp-block-list\">\n<li>Applications d\u2019entra\u00eenement guid\u00e9 et suivi de performances<\/li>\n\n\n\n<li>Vid\u00e9os courtes pour des s\u00e9ances express \u00e0 la maison<\/li>\n\n\n\n<li>Programmes personnalis\u00e9s adapt\u00e9s \u00e0 votre niveau et emploi du temps<\/li>\n<\/ul>\n\n\n\n<blockquote class=\"wp-block-quote is-layout-flow wp-block-quote-is-layout-flow\">\n<p><strong>SEO : applications fitness, entra\u00eenement rapide, sport flexible, sant\u00e9 urbaine<\/strong><\/p>\n<\/blockquote>\n\n\n\n<hr class=\"wp-block-separator has-alpha-channel-opacity\"\/>\n\n\n\n<h2 class=\"wp-block-heading\">Cr\u00e9er une routine durable<\/h2>\n\n\n\n<p>Pour que le fitness devienne un r\u00e9flexe :<\/p>\n\n\n\n<ul class=\"wp-block-list\">\n<li>Fixez des cr\u00e9neaux r\u00e9guliers dans la semaine<\/li>\n\n\n\n<li>Combinez diff\u00e9rents types d\u2019exercices pour \u00e9viter la monotonie<\/li>\n\n\n\n<li>Int\u00e9grez le sport \u00e0 votre quotidien sans pression<\/li>\n<\/ul>\n\n\n\n<hr class=\"wp-block-separator has-alpha-channel-opacity\"\/>\n\n\n\n<h3 class=\"wp-block-heading\">\u2705 Conclusion<\/h3>\n\n\n\n<p>Le fitness urbain permet de <strong>rester tonique, \u00e9nergique et en forme<\/strong> m\u00eame avec un emploi du temps charg\u00e9. Avec des exercices simples, des alternatives cr\u00e9atives et un peu de technologie, <strong>vous pouvez bouger mieux sans perdre de temps<\/strong>.<\/p>\n\n\n\n<p><strong>Call-to-Action :<\/strong><br>Commencez d\u00e8s aujourd\u2019hui ! Essayez <strong>5 \u00e0 10 minutes d\u2019exercice quotidien<\/strong> et d\u00e9couvrez comment int\u00e9grer facilement le fitness dans votre vie urbaine. Partagez vos routines et astuces dans les commentaires pour inspirer notre communaut\u00e9 \u201cVivre Mieux\u201d.<\/p>\n\n\n\n<ul class=\"wp-block-list\">\n<li><strong><em><a href=\"https:\/\/guidosaverio.com\/\">Guido SAVERIO<\/a><\/em><\/strong><\/li>\n\n\n\n<li><strong><a href=\"https:\/\/guidosaverio.com\/qui-suis-je\/\">Qui suis-je<\/a><\/strong><\/li>\n<\/ul>\n","protected":false},"excerpt":{"rendered":"<p>Dans nos vies modernes, entre travail, trajets et obligations, il est souvent difficile de trouver du temps pour le sport. Le fitness urbain propose des solutions efficaces pour bouger, se tonifier et rester en forme sans passer des heures \u00e0&#8230; <a href=\"https:\/\/clubvivremieux.com\/index.php\/fitness-urbain-bouger-mieux-sans-perdre-de-temps\/\" class=\"readmore\">Read more<span class=\"screen-reader-text\">Fitness urbain : bouger mieux sans perdre de temps<\/span><span class=\"fa fa-angle-double-right\" aria-hidden=\"true\"><\/span><\/a><\/p>\n","protected":false},"author":1,"featured_media":0,"parent":0,"menu_order":0,"comment_status":"closed","ping_status":"closed","template":"","meta":{"footnotes":""},"class_list":["post-1005","page","type-page","status-publish","hentry"],"_links":{"self":[{"href":"https:\/\/clubvivremieux.com\/index.php\/wp-json\/wp\/v2\/pages\/1005","targetHints":{"allow":["GET"]}}],"collection":[{"href":"https:\/\/clubvivremieux.com\/index.php\/wp-json\/wp\/v2\/pages"}],"about":[{"href":"https:\/\/clubvivremieux.com\/index.php\/wp-json\/wp\/v2\/types\/page"}],"author":[{"embeddable":true,"href":"https:\/\/clubvivremieux.com\/index.php\/wp-json\/wp\/v2\/users\/1"}],"replies":[{"embeddable":true,"href":"https:\/\/clubvivremieux.com\/index.php\/wp-json\/wp\/v2\/comments?post=1005"}],"version-history":[{"count":1,"href":"https:\/\/clubvivremieux.com\/index.php\/wp-json\/wp\/v2\/pages\/1005\/revisions"}],"predecessor-version":[{"id":1006,"href":"https:\/\/clubvivremieux.com\/index.php\/wp-json\/wp\/v2\/pages\/1005\/revisions\/1006"}],"wp:attachment":[{"href":"https:\/\/clubvivremieux.com\/index.php\/wp-json\/wp\/v2\/media?parent=1005"}],"curies":[{"name":"wp","href":"https:\/\/api.w.org\/{rel}","templated":true}]}}